{"id":2053,"date":"2024-05-17T08:03:00","date_gmt":"2024-05-17T08:03:00","guid":{"rendered":"https:\/\/cold-plus-europe.com\/?page_id=2053"},"modified":"2025-04-14T10:26:04","modified_gmt":"2025-04-14T10:26:04","slug":"technologie","status":"publish","type":"page","link":"https:\/\/cold-plus-europe.com\/?page_id=2053&lang=nl","title":{"rendered":"Technologie"},"content":{"rendered":"\t\t<div data-elementor-type=\"wp-page\" data-elementor-id=\"2053\" class=\"elementor elementor-2053\">\n\t\t\t\t<div class=\"elementor-element elementor-element-42a1611 e-grid e-con-boxed e-con e-parent\" data-id=\"42a1611\" data-element_type=\"container\">\n\t\t\t\t\t<div class=\"e-con-inner\">\n\t\t\t\t<div class=\"elementor-element elementor-element-cd14201 elementor-widget elementor-widget-heading\" data-id=\"cd14201\" data-element_type=\"widget\" data-widget_type=\"heading.default\">\n\t\t\t\t<div class=\"elementor-widget-container\">\n\t\t\t\t\t<h2 class=\"elementor-heading-title elementor-size-default\">Onze Techologie:\nWat is Cold-Plus?<\/h2>\t\t\t\t<\/div>\n\t\t\t\t<\/div>\n\t\t\t\t\t<\/div>\n\t\t\t\t<\/div>\n\t\t<div class=\"elementor-element elementor-element-3809ff6 e-grid e-con-boxed e-con e-parent\" data-id=\"3809ff6\" data-element_type=\"container\">\n\t\t\t\t\t<div class=\"e-con-inner\">\n\t\t\t\t<div class=\"elementor-element elementor-element-3df63b9 elementor-widget elementor-widget-text-editor\" data-id=\"3df63b9\" data-element_type=\"widget\" data-widget_type=\"text-editor.default\">\n\t\t\t\t<div class=\"elementor-widget-container\">\n\t\t\t\t\t\t\t\t\t<p style=\"text-align: center;\">De Cold-Plus formule is ontwikkeld om de prestaties en effici\u00ebntie in airconditioning-, verwarmings- en koelsystemen te optimaliseren. Een \u00e9\u00e9nmalige behandeling met Cold-Plus leidt tot blijvende resultaten en verlengt de levensduur van uw apparatuur.\u00a0<\/p>\t\t\t\t\t\t\t\t<\/div>\n\t\t\t\t<\/div>\n\t\t\t\t<div class=\"elementor-element elementor-element-14155de elementor-widget elementor-widget-heading\" data-id=\"14155de\" data-element_type=\"widget\" data-widget_type=\"heading.default\">\n\t\t\t\t<div class=\"elementor-widget-container\">\n\t\t\t\t\t<h2 class=\"elementor-heading-title elementor-size-default\">Hoe werkt het?\n<\/h2>\t\t\t\t<\/div>\n\t\t\t\t<\/div>\n\t\t\t\t\t<\/div>\n\t\t\t\t<\/div>\n\t\t<div class=\"elementor-element elementor-element-8f233be e-grid e-con-boxed e-con e-parent\" data-id=\"8f233be\" data-element_type=\"container\">\n\t\t\t\t\t<div class=\"e-con-inner\">\n\t\t\t\t<div class=\"elementor-element elementor-element-67ec54a elementor-widget elementor-widget-image\" data-id=\"67ec54a\" data-element_type=\"widget\" data-widget_type=\"image.default\">\n\t\t\t\t<div class=\"elementor-widget-container\">\n\t\t\t\t\t\t\t\t\t\t\t\t\t\t\t<img fetchpriority=\"high\" decoding=\"async\" width=\"300\" height=\"200\" src=\"https:\/\/cold-plus-europe.com\/wp-content\/uploads\/2024\/05\/oil_fouling.jpeg\" class=\"attachment-large size-large wp-image-1852\" alt=\"\" \/>\t\t\t\t\t\t\t\t\t\t\t\t\t\t\t<\/div>\n\t\t\t\t<\/div>\n\t\t\t\t<div class=\"elementor-element elementor-element-575d291 elementor-widget elementor-widget-image\" data-id=\"575d291\" data-element_type=\"widget\" data-widget_type=\"image.default\">\n\t\t\t\t<div class=\"elementor-widget-container\">\n\t\t\t\t\t\t\t\t\t\t\t\t\t\t\t<img decoding=\"async\" width=\"300\" height=\"200\" src=\"https:\/\/cold-plus-europe.com\/wp-content\/uploads\/2024\/05\/HVAC_Heat_Transfer.png\" class=\"attachment-large size-large wp-image-1853\" alt=\"\" \/>\t\t\t\t\t\t\t\t\t\t\t\t\t\t\t<\/div>\n\t\t\t\t<\/div>\n\t\t\t\t<div class=\"elementor-element elementor-element-cbd0721 elementor-widget elementor-widget-image\" data-id=\"cbd0721\" data-element_type=\"widget\" data-widget_type=\"image.default\">\n\t\t\t\t<div class=\"elementor-widget-container\">\n\t\t\t\t\t\t\t\t\t\t\t\t\t\t\t<img decoding=\"async\" width=\"300\" height=\"198\" src=\"https:\/\/cold-plus-europe.com\/wp-content\/uploads\/2024\/05\/water-drops.jpeg\" class=\"attachment-large size-large wp-image-1854\" alt=\"\" \/>\t\t\t\t\t\t\t\t\t\t\t\t\t\t\t<\/div>\n\t\t\t\t<\/div>\n\t\t\t\t<div class=\"elementor-element elementor-element-a177979 elementor-widget elementor-widget-image\" data-id=\"a177979\" data-element_type=\"widget\" data-widget_type=\"image.default\">\n\t\t\t\t<div class=\"elementor-widget-container\">\n\t\t\t\t\t\t\t\t\t\t\t\t\t\t\t<img loading=\"lazy\" decoding=\"async\" width=\"300\" height=\"200\" src=\"https:\/\/cold-plus-europe.com\/wp-content\/uploads\/2024\/05\/ice-cubes-sm.jpeg\" class=\"attachment-large size-large wp-image-1855\" alt=\"\" \/>\t\t\t\t\t\t\t\t\t\t\t\t\t\t\t<\/div>\n\t\t\t\t<\/div>\n\t\t\t\t<div class=\"elementor-element elementor-element-83d784a elementor-widget elementor-widget-heading\" data-id=\"83d784a\" data-element_type=\"widget\" data-widget_type=\"heading.default\">\n\t\t\t\t<div class=\"elementor-widget-container\">\n\t\t\t\t\t<h3 class=\"elementor-heading-title elementor-size-default\">1. Verwijdert 'oil fouling'<\/h3>\t\t\t\t<\/div>\n\t\t\t\t<\/div>\n\t\t\t\t<div class=\"elementor-element elementor-element-06c3f3d elementor-widget elementor-widget-heading\" data-id=\"06c3f3d\" data-element_type=\"widget\" data-widget_type=\"heading.default\">\n\t\t\t\t<div class=\"elementor-widget-container\">\n\t\t\t\t\t<h3 class=\"elementor-heading-title elementor-size-default\">2. Versnelt thermische dynamiek<\/h3>\t\t\t\t<\/div>\n\t\t\t\t<\/div>\n\t\t\t\t<div class=\"elementor-element elementor-element-05670f0 elementor-widget elementor-widget-heading\" data-id=\"05670f0\" data-element_type=\"widget\" data-widget_type=\"heading.default\">\n\t\t\t\t<div class=\"elementor-widget-container\">\n\t\t\t\t\t<h3 class=\"elementor-heading-title elementor-size-default\">3. Verbetert 'pool boiling'<\/h3>\t\t\t\t<\/div>\n\t\t\t\t<\/div>\n\t\t\t\t<div class=\"elementor-element elementor-element-dfad07b elementor-widget elementor-widget-heading\" data-id=\"dfad07b\" data-element_type=\"widget\" data-widget_type=\"heading.default\">\n\t\t\t\t<div class=\"elementor-widget-container\">\n\t\t\t\t\t<h3 class=\"elementor-heading-title elementor-size-default\">4. Vermindert frictie<\/h3>\t\t\t\t<\/div>\n\t\t\t\t<\/div>\n\t\t\t\t\t<\/div>\n\t\t\t\t<\/div>\n\t\t<div class=\"elementor-element elementor-element-49bd32f e-grid e-con-boxed e-con e-parent\" data-id=\"49bd32f\" data-element_type=\"container\">\n\t\t\t\t\t<div class=\"e-con-inner\">\n\t\t\t\t<div class=\"elementor-element elementor-element-9d09495 elementor-widget elementor-widget-text-editor\" data-id=\"9d09495\" data-element_type=\"widget\" data-widget_type=\"text-editor.default\">\n\t\t\t\t<div class=\"elementor-widget-container\">\n\t\t\t\t\t\t\t\t\t<p>&#8216;Oil Fouling (olievervuiling) in airconditioningsystemen is\u00a0 de ophoping van olie op de interne oppervlakken van de warmtewisselaars, zoals de verdampers en condensors. Dit vermindert de effici\u00ebntie en prestaties van de systemen aanzienlijk.\u00a0<\/p><p>De werking van Cold-Plus is tweeledig. Allereest verwijderen oppervlakteactieve stoffen en reinigingsmiddelden de olievervuiling. Daarna helpen nanopolymeren toekomstige olievervuiling te voorkomen met slechts \u00e9\u00e9n behandeling.<\/p>\t\t\t\t\t\t\t\t<\/div>\n\t\t\t\t<\/div>\n\t\t\t\t<div class=\"elementor-element elementor-element-c4f5bc2 elementor-widget elementor-widget-text-editor\" data-id=\"c4f5bc2\" data-element_type=\"widget\" data-widget_type=\"text-editor.default\">\n\t\t\t\t<div class=\"elementor-widget-container\">\n\t\t\t\t\t\t\t\t\t<p>Minder olievervuiling in het systeem zorgt ervoor dat warmte en kou effici\u00ebnter worden overgedragen, wat betekent dat de verwarming en koeling effectiever werken. De toevoeging van nano-polymeren vermindert de oppervlaktespanning in het koelmiddel, waardoor het makkelijker en sneller door de leidingen kan stromen. Dit resulteert in betere thermodynamica, een betere prestatie van het koelsysteem en lagere energiekosten.<\/p>\t\t\t\t\t\t\t\t<\/div>\n\t\t\t\t<\/div>\n\t\t\t\t<div class=\"elementor-element elementor-element-93c5359 elementor-widget elementor-widget-text-editor\" data-id=\"93c5359\" data-element_type=\"widget\" data-widget_type=\"text-editor.default\">\n\t\t\t\t<div class=\"elementor-widget-container\">\n\t\t\t\t\t\t\t\t\t<p>Het begrip &#8220;pool boiling&#8221; is belangrijk in de thermodynamica en warmteoverdracht, omdat het de effici\u00ebntie van het verdampingsproces in airco-systemen be\u00efnvloedt. Extra inerte polymeren in suspensie werken als kernen om het &#8216;pool boiling&#8217; te verbeteren. Hierdoor gaat de vloeistof 20% sneller over in de gasfase en wordt de thermodynamica aanzienlijk versneld.\u00a0<\/p>\t\t\t\t\t\t\t\t<\/div>\n\t\t\t\t<\/div>\n\t\t\t\t<div class=\"elementor-element elementor-element-ee38477 elementor-widget elementor-widget-text-editor\" data-id=\"ee38477\" data-element_type=\"widget\" data-widget_type=\"text-editor.default\">\n\t\t\t\t<div class=\"elementor-widget-container\">\n\t\t\t\t\t\t\t\t\t<p>Door de wrijving met PTFE te verminderen, loopt het hele systeem soepeler en met minder energie. Deze chemisch inerte stof heeft het effect van nat ijs op nat ijs. Hierdoor wordt de slijtage van bewegende onderdelen verminderd en de onderhoudskosten verlaagd.<\/p><p>Bovendien zorgt de verminderde wrijving voor een lagere bedrijfstemperatuur, wat de effici\u00ebntie van het systeem verder verhoogt. Dit leidt tot een langere levensduur van de apparatuur en een betrouwbaardere werking, wat uiteindelijk resulteert in minder stilstand en lagere totale operationele kosten.<\/p>\t\t\t\t\t\t\t\t<\/div>\n\t\t\t\t<\/div>\n\t\t\t\t\t<\/div>\n\t\t\t\t<\/div>\n\t\t<div class=\"elementor-element elementor-element-a8b003a e-grid e-con-boxed e-con e-parent\" data-id=\"a8b003a\" data-element_type=\"container\">\n\t\t\t\t\t<div class=\"e-con-inner\">\n\t\t\t\t<div class=\"elementor-element elementor-element-2b33bca elementor-widget elementor-widget-heading\" data-id=\"2b33bca\" data-element_type=\"widget\" data-widget_type=\"heading.default\">\n\t\t\t\t<div class=\"elementor-widget-container\">\n\t\t\t\t\t<h2 class=\"elementor-heading-title elementor-size-default\">Energieverbruik in Airconditioning units en Chillers<\/h2>\t\t\t\t<\/div>\n\t\t\t\t<\/div>\n\t\t\t\t<div class=\"elementor-element elementor-element-44d437c elementor-widget elementor-widget-text-editor\" data-id=\"44d437c\" data-element_type=\"widget\" data-widget_type=\"text-editor.default\">\n\t\t\t\t<div class=\"elementor-widget-container\">\n\t\t\t\t\t\t\t\t\t<p>In een airconditioningsysteem is het element dat de meeste stroom gebruikt meestal de <strong>compressor<\/strong>. Hier zijn de redenen waarom de compressor het meeste energieverbruik heeft:<\/p><ol><li><p><strong>Hogere Vermogenseisen<\/strong>: De compressor moet het koelmiddel comprimeren, waardoor de druk en temperatuur aanzienlijk worden verhoogd. Dit proces vereist veel energie.<\/p><\/li><li><p><strong>Continu Bedrijf<\/strong>: De compressor werkt vaak langdurig en moet regelmatig aan- en uitschakelen om de ingestelde temperatuur te handhaven. Dit draagt bij aan een hoog energieverbruik over tijd.<\/p><\/li><li><p><strong>Mechanische Werkzaamheden<\/strong>: Het comprimeren van het koelmiddel is een mechanisch intensief proces dat veel elektrische energie omzet in mechanische energie.<\/p><\/li><\/ol><p>Andere componenten zoals de ventilator en de pomp voor het koelmiddel gebruiken ook stroom, maar hun verbruik is doorgaans veel lager in vergelijking met de compressor.<\/p><p>Ook voor Chillers geldt dat de compressor het element is dat de meeste stroom verbruikt. Cold-Plus zorgt ervoor dat de efficiency van de compressor optimaal is waardoor het energieverbruik daalt en de levensduur toeneemt.\u00a0<\/p>\t\t\t\t\t\t\t\t<\/div>\n\t\t\t\t<\/div>\n\t\t\t\t\t<\/div>\n\t\t\t\t<\/div>\n\t\t\t\t<\/div>\n\t\t","protected":false},"excerpt":{"rendered":"<p>Onze Techologie: Wat is Cold-Plus? De Cold-Plus formule is ontwikkeld om de prestaties en effici\u00ebntie in airconditioning-, verwarmings- en koelsystemen te optimaliseren. Een \u00e9\u00e9nmalige behandeling&hellip;<\/p>\n","protected":false},"author":1,"featured_media":0,"parent":0,"menu_order":0,"comment_status":"closed","ping_status":"closed","template":"elementor_theme","meta":{"_themeisle_gutenberg_block_has_review":false,"footnotes":""},"class_list":["post-2053","page","type-page","status-publish","hentry"],"yoast_head":"<!-- This site is optimized with the Yoast SEO plugin v23.0 - https:\/\/yoast.com\/wordpress\/plugins\/seo\/ -->\n<title>Technologie - Cold-Plus Europe<\/title>\n<meta name=\"description\" content=\"De Cold-Plus-technologie activeert een keten van processen die de energie-effici\u00ebntie verbeteren, de ecologische voetafdruk verkleinen en de levensduur van apparatuur verlengen \u2013 van het verwijderen van olievervuiling tot het optimaliseren van thermische dynamiek\" \/>\n<meta name=\"robots\" content=\"index, follow, max-snippet:-1, max-image-preview:large, max-video-preview:-1\" \/>\n<link rel=\"canonical\" href=\"https:\/\/cold-plus-europe.com\/?page_id=2053&lang=nl\" \/>\n<meta property=\"og:locale\" content=\"en_US\" \/>\n<meta property=\"og:type\" content=\"article\" \/>\n<meta property=\"og:title\" content=\"Technologie - Cold-Plus Europe\" \/>\n<meta property=\"og:description\" content=\"De Cold-Plus-technologie activeert een keten van processen die de energie-effici\u00ebntie verbeteren, de ecologische voetafdruk verkleinen en de levensduur van apparatuur verlengen \u2013 van het verwijderen van olievervuiling tot het optimaliseren van thermische dynamiek\" \/>\n<meta property=\"og:url\" content=\"https:\/\/cold-plus-europe.com\/?page_id=2053&amp;lang=nl\" \/>\n<meta property=\"og:site_name\" content=\"Cold-Plus Europe\" \/>\n<meta property=\"article:modified_time\" content=\"2025-04-14T10:26:04+00:00\" \/>\n<meta property=\"og:image\" content=\"https:\/\/cold-plus-europe.com\/wp-content\/uploads\/2024\/05\/oil_fouling.jpeg\" \/>\n<meta name=\"twitter:card\" content=\"summary_large_image\" \/>\n<meta name=\"twitter:label1\" content=\"Est. reading time\" \/>\n\t<meta name=\"twitter:data1\" content=\"3 minutes\" \/>\n<script type=\"application\/ld+json\" class=\"yoast-schema-graph\">{\"@context\":\"https:\/\/schema.org\",\"@graph\":[{\"@type\":\"WebPage\",\"@id\":\"https:\/\/cold-plus-europe.com\/?page_id=2053&lang=nl\",\"url\":\"https:\/\/cold-plus-europe.com\/?page_id=2053&lang=nl\",\"name\":\"Technologie - Cold-Plus Europe\",\"isPartOf\":{\"@id\":\"https:\/\/cold-plus-europe.com\/#website\"},\"primaryImageOfPage\":{\"@id\":\"https:\/\/cold-plus-europe.com\/?page_id=2053&lang=nl#primaryimage\"},\"image\":{\"@id\":\"https:\/\/cold-plus-europe.com\/?page_id=2053&lang=nl#primaryimage\"},\"thumbnailUrl\":\"https:\/\/cold-plus-europe.com\/wp-content\/uploads\/2024\/05\/oil_fouling.jpeg\",\"datePublished\":\"2024-05-17T08:03:00+00:00\",\"dateModified\":\"2025-04-14T10:26:04+00:00\",\"description\":\"De Cold-Plus-technologie activeert een keten van processen die de energie-effici\u00ebntie verbeteren, de ecologische voetafdruk verkleinen en de levensduur van apparatuur verlengen \u2013 van het verwijderen van olievervuiling tot het optimaliseren van thermische dynamiek\",\"breadcrumb\":{\"@id\":\"https:\/\/cold-plus-europe.com\/?page_id=2053&lang=nl#breadcrumb\"},\"inLanguage\":\"en\",\"potentialAction\":[{\"@type\":\"ReadAction\",\"target\":[\"https:\/\/cold-plus-europe.com\/?page_id=2053&lang=nl\"]}]},{\"@type\":\"ImageObject\",\"inLanguage\":\"en\",\"@id\":\"https:\/\/cold-plus-europe.com\/?page_id=2053&lang=nl#primaryimage\",\"url\":\"https:\/\/cold-plus-europe.com\/wp-content\/uploads\/2024\/05\/oil_fouling.jpeg\",\"contentUrl\":\"https:\/\/cold-plus-europe.com\/wp-content\/uploads\/2024\/05\/oil_fouling.jpeg\",\"width\":300,\"height\":200},{\"@type\":\"BreadcrumbList\",\"@id\":\"https:\/\/cold-plus-europe.com\/?page_id=2053&lang=nl#breadcrumb\",\"itemListElement\":[{\"@type\":\"ListItem\",\"position\":1,\"name\":\"Home\",\"item\":\"https:\/\/cold-plus-europe.com\/?lang=en\"},{\"@type\":\"ListItem\",\"position\":2,\"name\":\"Technologie\"}]},{\"@type\":\"WebSite\",\"@id\":\"https:\/\/cold-plus-europe.com\/#website\",\"url\":\"https:\/\/cold-plus-europe.com\/\",\"name\":\"Cold-Plus Europe\",\"description\":\"\",\"publisher\":{\"@id\":\"https:\/\/cold-plus-europe.com\/#organization\"},\"potentialAction\":[{\"@type\":\"SearchAction\",\"target\":{\"@type\":\"EntryPoint\",\"urlTemplate\":\"https:\/\/cold-plus-europe.com\/?s={search_term_string}\"},\"query-input\":\"required name=search_term_string\"}],\"inLanguage\":\"en\"},{\"@type\":\"Organization\",\"@id\":\"https:\/\/cold-plus-europe.com\/#organization\",\"name\":\"Cold-Plus Europe\",\"url\":\"https:\/\/cold-plus-europe.com\/\",\"logo\":{\"@type\":\"ImageObject\",\"inLanguage\":\"en\",\"@id\":\"https:\/\/cold-plus-europe.com\/#\/schema\/logo\/image\/\",\"url\":\"https:\/\/cold-plus-europe.com\/wp-content\/uploads\/2024\/07\/CPE-logo-experiment-PNG.png\",\"contentUrl\":\"https:\/\/cold-plus-europe.com\/wp-content\/uploads\/2024\/07\/CPE-logo-experiment-PNG.png\",\"width\":1824,\"height\":968,\"caption\":\"Cold-Plus Europe\"},\"image\":{\"@id\":\"https:\/\/cold-plus-europe.com\/#\/schema\/logo\/image\/\"}}]}<\/script>\n<!-- \/ Yoast SEO plugin. -->","yoast_head_json":{"title":"Technologie - Cold-Plus Europe","description":"De Cold-Plus-technologie activeert een keten van processen die de energie-effici\u00ebntie verbeteren, de ecologische voetafdruk verkleinen en de levensduur van apparatuur verlengen \u2013 van het verwijderen van olievervuiling tot het optimaliseren van thermische dynamiek","robots":{"index":"index","follow":"follow","max-snippet":"max-snippet:-1","max-image-preview":"max-image-preview:large","max-video-preview":"max-video-preview:-1"},"canonical":"https:\/\/cold-plus-europe.com\/?page_id=2053&lang=nl","og_locale":"en_US","og_type":"article","og_title":"Technologie - Cold-Plus Europe","og_description":"De Cold-Plus-technologie activeert een keten van processen die de energie-effici\u00ebntie verbeteren, de ecologische voetafdruk verkleinen en de levensduur van apparatuur verlengen \u2013 van het verwijderen van olievervuiling tot het optimaliseren van thermische dynamiek","og_url":"https:\/\/cold-plus-europe.com\/?page_id=2053&lang=nl","og_site_name":"Cold-Plus Europe","article_modified_time":"2025-04-14T10:26:04+00:00","og_image":[{"url":"https:\/\/cold-plus-europe.com\/wp-content\/uploads\/2024\/05\/oil_fouling.jpeg"}],"twitter_card":"summary_large_image","twitter_misc":{"Est. reading time":"3 minutes"},"schema":{"@context":"https:\/\/schema.org","@graph":[{"@type":"WebPage","@id":"https:\/\/cold-plus-europe.com\/?page_id=2053&lang=nl","url":"https:\/\/cold-plus-europe.com\/?page_id=2053&lang=nl","name":"Technologie - Cold-Plus Europe","isPartOf":{"@id":"https:\/\/cold-plus-europe.com\/#website"},"primaryImageOfPage":{"@id":"https:\/\/cold-plus-europe.com\/?page_id=2053&lang=nl#primaryimage"},"image":{"@id":"https:\/\/cold-plus-europe.com\/?page_id=2053&lang=nl#primaryimage"},"thumbnailUrl":"https:\/\/cold-plus-europe.com\/wp-content\/uploads\/2024\/05\/oil_fouling.jpeg","datePublished":"2024-05-17T08:03:00+00:00","dateModified":"2025-04-14T10:26:04+00:00","description":"De Cold-Plus-technologie activeert een keten van processen die de energie-effici\u00ebntie verbeteren, de ecologische voetafdruk verkleinen en de levensduur van apparatuur verlengen \u2013 van het verwijderen van olievervuiling tot het optimaliseren van thermische dynamiek","breadcrumb":{"@id":"https:\/\/cold-plus-europe.com\/?page_id=2053&lang=nl#breadcrumb"},"inLanguage":"en","potentialAction":[{"@type":"ReadAction","target":["https:\/\/cold-plus-europe.com\/?page_id=2053&lang=nl"]}]},{"@type":"ImageObject","inLanguage":"en","@id":"https:\/\/cold-plus-europe.com\/?page_id=2053&lang=nl#primaryimage","url":"https:\/\/cold-plus-europe.com\/wp-content\/uploads\/2024\/05\/oil_fouling.jpeg","contentUrl":"https:\/\/cold-plus-europe.com\/wp-content\/uploads\/2024\/05\/oil_fouling.jpeg","width":300,"height":200},{"@type":"BreadcrumbList","@id":"https:\/\/cold-plus-europe.com\/?page_id=2053&lang=nl#breadcrumb","itemListElement":[{"@type":"ListItem","position":1,"name":"Home","item":"https:\/\/cold-plus-europe.com\/?lang=en"},{"@type":"ListItem","position":2,"name":"Technologie"}]},{"@type":"WebSite","@id":"https:\/\/cold-plus-europe.com\/#website","url":"https:\/\/cold-plus-europe.com\/","name":"Cold-Plus Europe","description":"","publisher":{"@id":"https:\/\/cold-plus-europe.com\/#organization"},"potentialAction":[{"@type":"SearchAction","target":{"@type":"EntryPoint","urlTemplate":"https:\/\/cold-plus-europe.com\/?s={search_term_string}"},"query-input":"required name=search_term_string"}],"inLanguage":"en"},{"@type":"Organization","@id":"https:\/\/cold-plus-europe.com\/#organization","name":"Cold-Plus Europe","url":"https:\/\/cold-plus-europe.com\/","logo":{"@type":"ImageObject","inLanguage":"en","@id":"https:\/\/cold-plus-europe.com\/#\/schema\/logo\/image\/","url":"https:\/\/cold-plus-europe.com\/wp-content\/uploads\/2024\/07\/CPE-logo-experiment-PNG.png","contentUrl":"https:\/\/cold-plus-europe.com\/wp-content\/uploads\/2024\/07\/CPE-logo-experiment-PNG.png","width":1824,"height":968,"caption":"Cold-Plus Europe"},"image":{"@id":"https:\/\/cold-plus-europe.com\/#\/schema\/logo\/image\/"}}]}},"_links":{"self":[{"href":"https:\/\/cold-plus-europe.com\/index.php?rest_route=\/wp\/v2\/pages\/2053","targetHints":{"allow":["GET"]}}],"collection":[{"href":"https:\/\/cold-plus-europe.com\/index.php?rest_route=\/wp\/v2\/pages"}],"about":[{"href":"https:\/\/cold-plus-europe.com\/index.php?rest_route=\/wp\/v2\/types\/page"}],"author":[{"embeddable":true,"href":"https:\/\/cold-plus-europe.com\/index.php?rest_route=\/wp\/v2\/users\/1"}],"replies":[{"embeddable":true,"href":"https:\/\/cold-plus-europe.com\/index.php?rest_route=%2Fwp%2Fv2%2Fcomments&post=2053"}],"version-history":[{"count":104,"href":"https:\/\/cold-plus-europe.com\/index.php?rest_route=\/wp\/v2\/pages\/2053\/revisions"}],"predecessor-version":[{"id":3184,"href":"https:\/\/cold-plus-europe.com\/index.php?rest_route=\/wp\/v2\/pages\/2053\/revisions\/3184"}],"wp:attachment":[{"href":"https:\/\/cold-plus-europe.com\/index.php?rest_route=%2Fwp%2Fv2%2Fmedia&parent=2053"}],"curies":[{"name":"wp","href":"https:\/\/api.w.org\/{rel}","templated":true}]}}